{"id":335,"date":"2023-11-16T12:44:05","date_gmt":"2023-11-16T18:44:05","guid":{"rendered":"http:\/\/milolafoods.com\/?page_id=335"},"modified":"2023-11-16T12:44:07","modified_gmt":"2023-11-16T18:44:07","slug":"productos","status":"publish","type":"page","link":"https:\/\/milolafoods.com\/en\/productos\/","title":{"rendered":"Products"},"content":{"rendered":"\n[et_pb_section fb_built=&#8221;1&#8243; admin_label=&#8221;Hero Section&#8221; _builder_version=&#8221;4.23.1&#8243; use_background_color_gradient=&#8221;on&#8221; background_color_gradient_stops=&#8221;rgba(0,0,0,0.5) 0%|rgba(0,0,0,0) 100%&#8221; background_color_gradient_start=&#8221;rgba(0,0,0,0.5)&#8221; background_color_gradient_end=&#8221;rgba(0,0,0,0)&#8221; background_image=&#8221;http:\/\/milolafoods.com\/wp-content\/uploads\/2023\/11\/01_Header.jpg&#8221; custom_margin=&#8221;|||&#8221; custom_padding=&#8221;8%||8%|&#8221; locked=&#8221;off&#8221; global_colors_info=&#8221;{}&#8221;][et_pb_row _builder_version=&#8221;4.16&#8243; background_size=&#8221;initial&#8221; background_position=&#8221;top_left&#8221; background_repeat=&#8221;repeat&#8221; global_colors_info=&#8221;{}&#8221;][et_pb_column type=&#8221;4_4&#8243; _builder_version=&#8221;4.16&#8243; custom_padding=&#8221;|||&#8221; global_colors_info=&#8221;{}&#8221; custom_padding__hover=&#8221;|||&#8221;][et_pb_text admin_label=&#8221;Title&#8221; _builder_version=&#8221;4.23.1&#8243; text_font=&#8221;Quattrocento||||||||&#8221; text_font_size=&#8221;22px&#8221; text_line_height=&#8221;2em&#8221; header_font=&#8221;||||||||&#8221; header_text_align=&#8221;center&#8221; header_font_size=&#8221;99px&#8221; header_letter_spacing=&#8221;6px&#8221; header_line_height=&#8221;1.4em&#8221; header_3_font=&#8221;|700|||||||&#8221; text_orientation=&#8221;center&#8221; background_layout=&#8221;dark&#8221; max_width=&#8221;800px&#8221; module_alignment=&#8221;center&#8221; animation_style=&#8221;slide&#8221; animation_direction=&#8221;top&#8221; animation_intensity_slide=&#8221;3%&#8221; animation_starting_opacity=&#8221;100%&#8221; header_font_size_tablet=&#8221;40px&#8221; header_font_size_phone=&#8221;&#8221; header_font_size_last_edited=&#8221;on|tablet&#8221; header_4_font_size_tablet=&#8221;&#8221; header_4_font_size_phone=&#8221;22px&#8221; header_4_font_size_last_edited=&#8221;on|phone&#8221; global_colors_info=&#8221;{}&#8221;]<h1>Qui\u00e9nes somos<\/h1>\n<h3>Nos presentamos:<\/h3>\n<h3>Somos Mi Lola Foods<\/h3>[\/et_pb_text][\/et_pb_column][\/et_pb_row][\/et_pb_section][et_pb_section fb_built=&#8221;1&#8243; admin_label=&#8221;About Us Section&#8221; _builder_version=&#8221;4.23.1&#8243; background_image=&#8221;http:\/\/milolafoods.com\/wp-content\/uploads\/2023\/11\/02_Somos-1.jpg&#8221; custom_padding=&#8221;120px||20%|&#8221; hover_enabled=&#8221;0&#8243; global_colors_info=&#8221;{}&#8221; title_text=&#8221;02_Somos&#8221; sticky_enabled=&#8221;0&#8243;][et_pb_row column_structure=&#8221;1_2,1_2&#8243; _builder_version=&#8221;4.23.1&#8243; width=&#8221;100%&#8221; max_width=&#8221;1441px&#8221; global_colors_info=&#8221;{}&#8221;][et_pb_column type=&#8221;1_2&#8243; _builder_version=&#8221;4.16&#8243; custom_padding=&#8221;|||&#8221; global_colors_info=&#8221;{}&#8221; custom_padding__hover=&#8221;|||&#8221;][et_pb_text admin_label=&#8221;Title&#8221; _builder_version=&#8221;4.23.1&#8243; text_font=&#8221;||||||||&#8221; header_font=&#8221;||||||||&#8221; header_line_height=&#8221;1.2em&#8221; header_2_font=&#8221;Quattrocento||||||||&#8221; header_2_font_size=&#8221;60px&#8221; header_2_line_height=&#8221;1.3em&#8221; width_tablet=&#8221;&#8221; width_phone=&#8221;86%&#8221; width_last_edited=&#8221;on|phone&#8221; module_alignment=&#8221;center&#8221; custom_margin=&#8221;||10px|&#8221; animation_style=&#8221;slide&#8221; animation_direction=&#8221;top&#8221; animation_intensity_slide=&#8221;5%&#8221; header_2_font_size_tablet=&#8221;40px&#8221; header_2_font_size_phone=&#8221;&#8221; header_2_font_size_last_edited=&#8221;on|desktop&#8221; header_3_text_align_tablet=&#8221;&#8221; header_3_text_align_phone=&#8221;center&#8221; header_3_text_align_last_edited=&#8221;on|phone&#8221; header_3_font_size_tablet=&#8221;&#8221; header_3_font_size_phone=&#8221;28px&#8221; header_3_font_size_last_edited=&#8221;on|phone&#8221; locked=&#8221;off&#8221; global_colors_info=&#8221;{}&#8221;]<h3>Estamos ubicados en el coraz\u00f3n de Ameca, Jalisco. M\u00e9xico, somos una empresa que trasciende fronteras para llevar un pedacito de M\u00e9xico hasta los hogares de los mexicanos en Estados Unidos.<\/h3>[\/et_pb_text][\/et_pb_column][et_pb_column type=&#8221;1_2&#8243; _builder_version=&#8221;4.16&#8243; custom_padding=&#8221;|||&#8221; global_colors_info=&#8221;{}&#8221; custom_padding__hover=&#8221;|||&#8221;][et_pb_text _builder_version=&#8221;4.23.1&#8243; text_text_color=&#8221;#0a0a0a&#8221; text_font_size=&#8221;18px&#8221; header_text_color=&#8221;#0a0a0a&#8221; animation_direction=&#8221;left&#8221; locked=&#8221;off&#8221; global_colors_info=&#8221;{}&#8221;]<p>Creemos en la importancia de mantener viva la esencia de M\u00e9xico a trav\u00e9s de nuestros productos, que son cuidadosamente seleccionados para brindar la m\u00e1xima calidad y autenticidad. Nuestra misi\u00f3n es simple pero poderosa, unir a todos los mexicanos dentro y fuera de su tierra natal, llev\u00e1ndoles el mensaje de que M\u00e9xico est\u00e1 con ellos, porque<\/p>\n<p>M\u00e9xico somos todos.<\/p>\n<p>Cada hoja de ma\u00edz Premium que exportamos, es un puente que conecta los sabores y las tradiciones de M\u00e9xico con las mesas de las familias mexicanas en Estados Unidos. Es un recordatorio de que, sin importar la distancia, nuestras ra\u00edces est\u00e1n arraigadas en la comunidad, en la comida y en el amor que compartimos.<\/p>\n<p>\u00danete a nosotros en este viaje para mantener viva la tradici\u00f3n, el sabor, y la conexi\u00f3n con nuestra esencia mexicana. Mi Lola Foods te da la bienvenida y te lleva un pedacito de M\u00e9xico con amor en cada hoja de ma\u00edz.<\/p>[\/et_pb_text][\/et_pb_column][\/et_pb_row][\/et_pb_section][et_pb_section fb_built=&#8221;1&#8243; fullwidth=&#8221;on&#8221; _builder_version=&#8221;4.23.1&#8243; _module_preset=&#8221;default&#8221; background_color=&#8221;RGBA(255,255,255,0)&#8221; scroll_vertical_motion_enable=&#8221;on&#8221; scroll_vertical_motion=&#8221;0|50|50|100|0|0|4&#8243; scroll_vertical_motion_tablet=&#8221;0|50|50|100|0|0|4&#8243; scroll_vertical_motion_phone=&#8221;0|50|50|100|0|0|2&#8243; scroll_vertical_motion_last_edited=&#8221;on|phone&#8221; global_colors_info=&#8221;{}&#8221;][et_pb_fullwidth_image src=&#8221;http:\/\/milolafoods.com\/wp-content\/uploads\/2023\/11\/Icono_MiLola_Parallax.png&#8221; title_text=&#8221;Icono_MiLola_Parallax&#8221; _builder_version=&#8221;4.23.1&#8243; _module_preset=&#8221;default&#8221; width=&#8221;34%&#8221; custom_margin=&#8221;-387px|||||&#8221; custom_padding=&#8221;0px|||||&#8221; global_colors_info=&#8221;{}&#8221;][\/et_pb_fullwidth_image][\/et_pb_section][et_pb_section fb_built=&#8221;1&#8243; custom_padding_last_edited=&#8221;on|phone&#8221; admin_label=&#8221;Feature Section&#8221; _builder_version=&#8221;4.23.1&#8243; background_color=&#8221;RGBA(255,255,255,0)&#8221; min_height=&#8221;1169.2px&#8221; custom_margin=&#8221;-515px|||||&#8221; custom_margin_tablet=&#8221;-515px|||||&#8221; custom_margin_phone=&#8221;-107px||||false|false&#8221; custom_margin_last_edited=&#8221;on|phone&#8221; custom_padding=&#8221;0px||120px|||&#8221; custom_padding_tablet=&#8221;0px||120px|||&#8221; custom_padding_phone=&#8221;||0px||false|false&#8221; global_colors_info=&#8221;{}&#8221;][et_pb_row _builder_version=&#8221;4.23.1&#8243; global_colors_info=&#8221;{}&#8221;][et_pb_column type=&#8221;4_4&#8243; _builder_version=&#8221;4.16&#8243; custom_padding=&#8221;|||&#8221; global_colors_info=&#8221;{}&#8221; custom_padding__hover=&#8221;|||&#8221;][et_pb_text admin_label=&#8221;Title&#8221; _builder_version=&#8221;4.23.1&#8243; text_font=&#8221;||||||||&#8221; header_font=&#8221;Playfair Display||||||||&#8221; header_line_height=&#8221;1.2em&#8221; header_2_font=&#8221;Playfair Display||||||||&#8221; header_2_text_color=&#8221;#E5004E&#8221; header_2_font_size=&#8221;60px&#8221; header_2_line_height=&#8221;1.3em&#8221; text_orientation=&#8221;center&#8221; custom_margin=&#8221;||10px|&#8221; animation_style=&#8221;fade&#8221; animation_direction=&#8221;left&#8221; animation_starting_opacity=&#8221;100%&#8221; header_2_font_size_tablet=&#8221;40px&#8221; header_2_font_size_phone=&#8221;&#8221; header_2_font_size_last_edited=&#8221;on|desktop&#8221; global_colors_info=&#8221;{}&#8221;]<h2>Historia<\/h2>[\/et_pb_text][et_pb_text admin_label=&#8221;Subtitle&#8221; _builder_version=&#8221;4.23.1&#8243; text_font=&#8221;Montserrat||||||||&#8221; text_font_size=&#8221;18px&#8221; text_line_height=&#8221;2.2em&#8221; header_font=&#8221;||||||||&#8221; header_2_font=&#8221;||||||||&#8221; text_orientation=&#8221;center&#8221; max_width=&#8221;700px&#8221; module_alignment=&#8221;center&#8221; custom_margin=&#8221;-26px||||false|false&#8221; animation_style=&#8221;fade&#8221; animation_direction=&#8221;left&#8221; animation_starting_opacity=&#8221;100%&#8221; global_colors_info=&#8221;{}&#8221;]<p>DE D\u00d3NDE SOMOS Y HACIA D\u00d3NDE VAMOS.<\/p>[\/et_pb_text][\/et_pb_column][\/et_pb_row][et_pb_row column_structure=&#8221;1_2,1_2&#8243; use_custom_gutter=&#8221;on&#8221; _builder_version=&#8221;4.16&#8243; max_width=&#8221;1440px&#8221; custom_margin=&#8221;20px|auto|120px|auto||&#8221; custom_padding=&#8221;|||&#8221; use_custom_width=&#8221;on&#8221; custom_width_px=&#8221;1440px&#8221; global_colors_info=&#8221;{}&#8221;][et_pb_column type=&#8221;1_2&#8243; _builder_version=&#8221;4.16&#8243; custom_padding=&#8221;|||&#8221; hover_enabled=&#8221;0&#8243; global_colors_info=&#8221;{}&#8221; custom_padding__hover=&#8221;|||&#8221; sticky_enabled=&#8221;0&#8243;][et_pb_image src=&#8221;http:\/\/milolafoods.com\/wp-content\/uploads\/2023\/11\/03_Historia-1.jpg&#8221; title_text=&#8221;03_Historia&#8221; show_bottom_space=&#8221;off&#8221; force_fullwidth=&#8221;on&#8221; align_tablet=&#8221;center&#8221; align_phone=&#8221;center&#8221; align_last_edited=&#8221;on|desktop&#8221; _builder_version=&#8221;4.23.1&#8243; animation_style=&#8221;slide&#8221; animation_direction=&#8221;left&#8221; animation_intensity_slide=&#8221;5%&#8221; animation_starting_opacity=&#8221;100%&#8221; hover_enabled=&#8221;0&#8243; box_shadow_style=&#8221;preset3&#8243; box_shadow_vertical=&#8221;80px&#8221; box_shadow_blur=&#8221;120px&#8221; box_shadow_spread=&#8221;-60px&#8221; box_shadow_color=&#8221;rgba(63,63,31,0.3)&#8221; global_colors_info=&#8221;{}&#8221; sticky_enabled=&#8221;0&#8243;][\/et_pb_image][\/et_pb_column][et_pb_column type=&#8221;1_2&#8243; _builder_version=&#8221;4.16&#8243; custom_padding=&#8221;50px||50px|&#8221; global_colors_info=&#8221;{}&#8221; custom_padding__hover=&#8221;|||&#8221;][et_pb_text _builder_version=&#8221;4.23.1&#8243; _module_preset=&#8221;default&#8221; text_text_color=&#8221;#0a0a0a&#8221; text_font_size=&#8221;18px&#8221; header_text_color=&#8221;#0a0a0a&#8221; global_colors_info=&#8221;{}&#8221;]<p>Nuestro nombre es un homenaje a Mi Lola, nana y abuela que nos ense\u00f1\u00f3 el arte de cocinar con pasi\u00f3n, a amar, reconocer con orgullo, autenticidad nuestras ra\u00edces, es la personificaci\u00f3n de la esencia de M\u00e9xico y el reconocimiento a esas grandes mujeres mexicanas que a trav\u00e9s de su amor, sabidur\u00eda y pasi\u00f3n dejan un legado inquebrantable.<\/p>\n<p>Mi Lola Foods es una empresa mexicana con sede en Ameca, Jalisco. M\u00e9xico, nuestra pasi\u00f3n por nuestro pa\u00eds se fusiona con la dedicaci\u00f3n por brindar productos y un servicio de la m\u00e1s alta calidad Hoy hemos tejido una historia de tradici\u00f3n y sabores que trasciende fronteras.<br \/>Nuestro compromiso es inquebrantable: Exportar hojas de ma\u00edz Premium para tamales a nuestros queridos compatriotas en Estados Unidos, cada paquete que enviamos es un abrazo culinario que nos conecta con quienes han cruzado fronteras, pero nunca han abandonado sus ra\u00edces.<\/p>\n<p>Sin importar en qu\u00e9 parte del mundo se encuentren: \u00a1Bienvenidos a nuestra familia!<\/p>[\/et_pb_text][\/et_pb_column][\/et_pb_row][\/et_pb_section][et_pb_section fb_built=&#8221;1&#8243; custom_padding_last_edited=&#8221;off|desktop&#8221; admin_label=&#8221;Feature Section&#8221; _builder_version=&#8221;4.23.1&#8243; background_color=&#8221;#1D1D1B&#8221; background_enable_image=&#8221;off&#8221; custom_padding=&#8221;10%||120px|&#8221; custom_padding_tablet=&#8221;0px||0px|&#8221; global_colors_info=&#8221;{}&#8221;][et_pb_row column_structure=&#8221;1_2,1_2&#8243; use_custom_gutter=&#8221;on&#8221; gutter_width=&#8221;1&#8243; module_class=&#8221; et_pb_row_fullwidth&#8221; _builder_version=&#8221;4.16&#8243; width=&#8221;100%&#8221; width_tablet=&#8221;100%&#8221; width_phone=&#8221;100%&#8221; width_last_edited=&#8221;on|desktop&#8221; max_width=&#8221;100%&#8221; max_width_tablet=&#8221;100%&#8221; max_width_phone=&#8221;100%&#8221; max_width_last_edited=&#8221;on|desktop&#8221; custom_padding=&#8221;|||&#8221; make_fullwidth=&#8221;on&#8221; locked=&#8221;off&#8221; global_colors_info=&#8221;{}&#8221;][et_pb_column type=&#8221;1_2&#8243; _builder_version=&#8221;4.16&#8243; custom_padding=&#8221;100px|8%|100px|12%&#8221; global_colors_info=&#8221;{}&#8221; custom_padding__hover=&#8221;|||&#8221;][et_pb_text admin_label=&#8221;Title&#8221; _builder_version=&#8221;4.23.1&#8243; text_font=&#8221;||||||||&#8221; header_font=&#8221;||||||||&#8221; header_text_color=&#8221;#D7A461&#8243; header_line_height=&#8221;1.2em&#8221; header_2_font=&#8221;||||||||&#8221; header_2_text_color=&#8221;#D7A461&#8243; header_2_font_size=&#8221;60px&#8221; header_2_line_height=&#8221;1.3em&#8221; custom_margin=&#8221;||10px|&#8221; animation_style=&#8221;fade&#8221; animation_direction=&#8221;left&#8221; animation_starting_opacity=&#8221;100%&#8221; header_2_text_align_tablet=&#8221;&#8221; header_2_text_align_phone=&#8221;center&#8221; header_2_text_align_last_edited=&#8221;on|phone&#8221; header_2_font_size_tablet=&#8221;40px&#8221; header_2_font_size_phone=&#8221;&#8221; header_2_font_size_last_edited=&#8221;on|tablet&#8221; header_3_text_align_tablet=&#8221;&#8221; header_3_text_align_phone=&#8221;&#8221; header_3_text_align_last_edited=&#8221;on|phone&#8221; global_colors_info=&#8221;{}&#8221;]<h2>Actualidad<\/h2>[\/et_pb_text][et_pb_text _builder_version=&#8221;4.23.1&#8243; text_text_color=&#8221;#ffffff&#8221; text_font_size=&#8221;18px&#8221; header_text_color=&#8221;#0a0a0a&#8221; animation_direction=&#8221;left&#8221; global_colors_info=&#8221;{}&#8221;]<p>En la actualidad hemos superado fronteras y Mi Lola Foods se ha establecido con \u00e9xito en diversas partes de Estados Unidos. Tenemos en claro nuestra misi\u00f3n, crear productos de calidad superior y un servicio excepcional.<\/p>\n<p>Nuestras hojas de ma\u00edz premium, son un producto emblem\u00e1tico que encarna la esencia de la cocina mexicana. Cada hoja de ma\u00edz es cuidadosamente seleccionada a mano, garantizando un proceso artesanal y natural. Pero Mi Lola Foods no solo son hojas de ma\u00edz premium, hemos ampliado nuestro cat\u00e1logo de productos para ofrecerte una variedad de sabores que llevan consigo la riqueza e la cultura y la tradici\u00f3n mexicana. Este es el legado que hoy te compartimos. Creemos que la comida es mucho m\u00e1s que solo alimento, es un v\u00ednculo con nuestras ra\u00edces, una expresi\u00f3n de amor y un puente que conecta a las personas con su esencia a trav\u00e9s de las fronteras.<\/p>\n<p>Sabemos que la satisfacci\u00f3n de nuestros clientes es primordial, es por ello que estamos comprometidos con brindarte la m\u00e1xima calidad y atenci\u00f3n en nuestro servicio para que tu experiencia de compra sea \u00fanica e inigualable. As\u00ed seguiremos cerca de ti, porque con Mi Lola Foods, M\u00e9xico est\u00e1 contigo.<\/p>[\/et_pb_text][\/et_pb_column][et_pb_column type=&#8221;1_2&#8243; _builder_version=&#8221;4.16&#8243; custom_padding=&#8221;|||&#8221; global_colors_info=&#8221;{}&#8221; custom_padding__hover=&#8221;|||&#8221;][et_pb_image src=&#8221;http:\/\/milolafoods.com\/wp-content\/uploads\/2023\/11\/04_Actualidad.jpg&#8221; title_text=&#8221;04_Actualidad&#8221; show_bottom_space=&#8221;off&#8221; force_fullwidth=&#8221;on&#8221; align_tablet=&#8221;center&#8221; align_phone=&#8221;center&#8221; align_last_edited=&#8221;on|desktop&#8221; _builder_version=&#8221;4.23.1&#8243; custom_margin=&#8221;||-6%|&#8221; animation_style=&#8221;slide&#8221; animation_direction=&#8221;right&#8221; animation_intensity_slide=&#8221;2%&#8221; animation_starting_opacity=&#8221;100%&#8221; box_shadow_style=&#8221;preset3&#8243; box_shadow_vertical=&#8221;80px&#8221; box_shadow_blur=&#8221;120px&#8221; box_shadow_spread=&#8221;-60px&#8221; box_shadow_color=&#8221;rgba(63,63,31,0.3)&#8221; global_colors_info=&#8221;{}&#8221;][\/et_pb_image][\/et_pb_column][\/et_pb_row][\/et_pb_section][et_pb_section fb_built=&#8221;1&#8243; admin_label=&#8221;Team Member Section&#8221; _builder_version=&#8221;4.23.1&#8243; background_image=&#8221;http:\/\/milolafoods.com\/wp-content\/uploads\/2023\/11\/05_BackFinaljpg.jpg&#8221; parallax=&#8221;on&#8221; custom_padding=&#8221;180px||452px|||&#8221; background_last_edited=&#8221;on|desktop&#8221; global_colors_info=&#8221;{}&#8221;][\/et_pb_section]\n","protected":false},"excerpt":{"rendered":"<p>Qui\u00e9nes somos Nos presentamos: Somos Mi Lola FoodsEstamos ubicados en el coraz\u00f3n de Ameca, Jalisco. M\u00e9xico, somos una empresa que trasciende fronteras para llevar un pedacito de M\u00e9xico hasta los hogares de los mexicanos en Estados Unidos.Creemos en la importancia de mantener viva la esencia de M\u00e9xico a trav\u00e9s de nuestros productos, que son cuidadosamente [&hellip;]<\/p>\n","protected":false},"author":1,"featured_media":0,"parent":0,"menu_order":0,"comment_status":"closed","ping_status":"closed","template":"","meta":{"_et_pb_use_builder":"on","_et_pb_old_content":"","_et_gb_content_width":"","footnotes":""},"class_list":["post-335","page","type-page","status-publish","hentry"],"_links":{"self":[{"href":"https:\/\/milolafoods.com\/en\/wp-json\/wp\/v2\/pages\/335","targetHints":{"allow":["GET"]}}],"collection":[{"href":"https:\/\/milolafoods.com\/en\/wp-json\/wp\/v2\/pages"}],"about":[{"href":"https:\/\/milolafoods.com\/en\/wp-json\/wp\/v2\/types\/page"}],"author":[{"embeddable":true,"href":"https:\/\/milolafoods.com\/en\/wp-json\/wp\/v2\/users\/1"}],"replies":[{"embeddable":true,"href":"https:\/\/milolafoods.com\/en\/wp-json\/wp\/v2\/comments?post=335"}],"version-history":[{"count":1,"href":"https:\/\/milolafoods.com\/en\/wp-json\/wp\/v2\/pages\/335\/revisions"}],"predecessor-version":[{"id":336,"href":"https:\/\/milolafoods.com\/en\/wp-json\/wp\/v2\/pages\/335\/revisions\/336"}],"wp:attachment":[{"href":"https:\/\/milolafoods.com\/en\/wp-json\/wp\/v2\/media?parent=335"}],"curies":[{"name":"wp","href":"https:\/\/api.w.org\/{rel}","templated":true}]}}