{"id":352,"date":"2023-11-16T16:16:40","date_gmt":"2023-11-16T22:16:40","guid":{"rendered":"http:\/\/milolafoods.com\/?post_type=product&#038;p=352"},"modified":"2026-04-13T01:11:09","modified_gmt":"2026-04-13T07:11:09","slug":"hoja-comercial","status":"publish","type":"product","link":"https:\/\/milolafoods.com\/en\/product\/hoja-comercial\/","title":{"rendered":"Commercial Husk"},"content":{"rendered":"<p>Nuestras hojas comerciales est\u00e1n dise\u00f1adas para el supermercado, con el objetivo de brindar a nuestras amas de casa una experiencia agradable al usarlas. Nuestro proceso de selecci\u00f3n, tratamiento y empaque garantiza la calidad del producto, lo que nos permite ofrecer una vida \u00fatil en el anaquel bastante amplia. Nuestra presentaci\u00f3n es de una libra y los tama\u00f1os de nuestras hojas son naturales, tal como son producidas por nuestras mazorcas. Nuestra libra est\u00e1 compuesta por un 24% de hojas que tienen un ancho m\u00ednimo de 4.5 pulgadas. El resto de las hojas tienen medidas superiores, de hasta 12 y 14 pulgadas de ancho, lo que le aporta un aspecto robusto, de mucho cuerpo y alta calidad.<\/p>\n<p><a href=\"http:\/\/milolafoods.com\/wp-content\/uploads\/2023\/11\/FichaTecnica_Comercial_MiLolaFoods.pdf\" target=\"_blank\" rel=\"noopener\"><br \/>\n<strong>Descarga ficha t\u00e9cnica<\/strong><br \/>\n<\/a><\/p>","protected":false},"excerpt":{"rendered":"<p>Las hojas de ma\u00edz comerciales pasan por un proceso de selecci\u00f3n, tratamiento y empaque que garantiza la calidad del producto y le da una vida \u00fatil en el anaquel bastante amplia. El producto se presenta en paquetes de una libra.<\/p>","protected":false},"featured_media":126,"comment_status":"open","ping_status":"closed","template":"","meta":{"_et_pb_use_builder":"on","_et_pb_old_content":"Nuestras hojas comerciales est\u00e1n dise\u00f1adas para el supermercado, con el objetivo de brindar a nuestras amas de casa una experiencia agradable al usarlas. Nuestro proceso de selecci\u00f3n, tratamiento y empaque garantiza la calidad del producto, lo que nos permite ofrecer una vida \u00fatil en el anaquel bastante amplia. Nuestra presentaci\u00f3n es de una libra y los tama\u00f1os de nuestras hojas son naturales, tal como son producidas por nuestras mazorcas. Nuestra libra est\u00e1 compuesta por un 24% de hojas que tienen un ancho m\u00ednimo de 4.5 pulgadas. El resto de las hojas tienen medidas superiores, de hasta 12 y 14 pulgadas de ancho, lo que le aporta un aspecto robusto, de mucho cuerpo y alta calidad.\r\n\r\n<a href=\"http:\/\/milolafoods.com\/wp-content\/uploads\/2023\/11\/FichaTecnica_Comercial_MiLolaFoods.pdf\" target=\"_blank\" rel=\"noopener\">\r\n<strong>Descarga ficha t\u00e9cnica<\/strong>\r\n<\/a>","_et_gb_content_width":""},"product_brand":[],"product_cat":[23],"product_tag":[],"class_list":{"0":"post-352","1":"product","2":"type-product","3":"status-publish","4":"has-post-thumbnail","6":"product_cat-hojas-de-maiz","8":"first","9":"instock","10":"shipping-taxable","11":"product-type-simple"},"_links":{"self":[{"href":"https:\/\/milolafoods.com\/en\/wp-json\/wp\/v2\/product\/352","targetHints":{"allow":["GET"]}}],"collection":[{"href":"https:\/\/milolafoods.com\/en\/wp-json\/wp\/v2\/product"}],"about":[{"href":"https:\/\/milolafoods.com\/en\/wp-json\/wp\/v2\/types\/product"}],"replies":[{"embeddable":true,"href":"https:\/\/milolafoods.com\/en\/wp-json\/wp\/v2\/comments?post=352"}],"wp:featuredmedia":[{"embeddable":true,"href":"https:\/\/milolafoods.com\/en\/wp-json\/wp\/v2\/media\/126"}],"wp:attachment":[{"href":"https:\/\/milolafoods.com\/en\/wp-json\/wp\/v2\/media?parent=352"}],"wp:term":[{"taxonomy":"product_brand","embeddable":true,"href":"https:\/\/milolafoods.com\/en\/wp-json\/wp\/v2\/product_brand?post=352"},{"taxonomy":"product_cat","embeddable":true,"href":"https:\/\/milolafoods.com\/en\/wp-json\/wp\/v2\/product_cat?post=352"},{"taxonomy":"product_tag","embeddable":true,"href":"https:\/\/milolafoods.com\/en\/wp-json\/wp\/v2\/product_tag?post=352"}],"curies":[{"name":"wp","href":"https:\/\/api.w.org\/{rel}","templated":true}]}}