{"id":353,"date":"2023-11-16T16:19:24","date_gmt":"2023-11-16T22:19:24","guid":{"rendered":"http:\/\/milolafoods.com\/?post_type=product&#038;p=353"},"modified":"2026-04-12T23:56:14","modified_gmt":"2026-04-13T05:56:14","slug":"hoja-selecta","status":"publish","type":"product","link":"https:\/\/milolafoods.com\/en\/product\/hoja-selecta\/","title":{"rendered":"Select Husk"},"content":{"rendered":"<p>Nuestras hojas selectas son elaboradas y seleccionadas bajo un proceso m\u00e1s riguroso, lo que nos brinda como resultado un producto de alta calidad. Estas hojas son ideales para clientes como peque\u00f1os comerciantes o tamaler\u00edas que elaboran diariamente una cantidad importante de tamales, donde el tiempo en el proceso de elaboraci\u00f3n es crucial.<\/p>\n<p>Los tama\u00f1os m\u00ednimos de las hojas son de 8 pulgadas de ancho, no excediendo el 10% del total de la libra, en las hojas restantes los tama\u00f1os m\u00e1s anchos que van desde las 10 hasta las 14 pulgadas. Nuestro producto es de especialidad y est\u00e1 destinado a clientes conocedores que cuidan meticulosamente sus procesos de elaboraci\u00f3n.<\/p>\n<p><a href=\"http:\/\/milolafoods.com\/wp-content\/uploads\/2023\/11\/FichaTecnica_Selecta_MiLolaFoods.pdf\" target=\"_blank\" rel=\"noopener\"><br \/>\n<strong>Descarga ficha t\u00e9cnica<\/strong><br \/>\n<\/a><\/p>","protected":false},"excerpt":{"rendered":"<p>Son un producto de alta calidad que se elabora y se selecciona con un proceso riguroso. Son ideales para clientes que hacen muchos tamales y que quieren ahorrar tiempo.<\/p>","protected":false},"featured_media":130,"comment_status":"open","ping_status":"closed","template":"","meta":{"_et_pb_use_builder":"off","_et_pb_old_content":"Nuestras hojas selectas son elaboradas y seleccionadas bajo un proceso m\u00e1s riguroso, lo que nos brinda como resultado un producto de alta calidad. Estas hojas son ideales para clientes como peque\u00f1os comerciantes o tamaler\u00edas que elaboran diariamente una cantidad importante de tamales, donde el tiempo en el proceso de elaboraci\u00f3n es crucial.\r\n\r\nLos tama\u00f1os m\u00ednimos de las hojas son de 8 pulgadas de ancho, no excediendo el 10% del total de la libra, en las hojas restantes los tama\u00f1os m\u00e1s anchos que van desde las 10 hasta las 14 pulgadas. Nuestro producto es de especialidad y est\u00e1 destinado a clientes conocedores que cuidan meticulosamente sus procesos de elaboraci\u00f3n.","_et_gb_content_width":""},"product_brand":[],"product_cat":[23],"product_tag":[],"class_list":{"0":"post-353","1":"product","2":"type-product","3":"status-publish","4":"has-post-thumbnail","6":"product_cat-hojas-de-maiz","8":"first","9":"instock","10":"shipping-taxable","11":"product-type-simple"},"_links":{"self":[{"href":"https:\/\/milolafoods.com\/en\/wp-json\/wp\/v2\/product\/353","targetHints":{"allow":["GET"]}}],"collection":[{"href":"https:\/\/milolafoods.com\/en\/wp-json\/wp\/v2\/product"}],"about":[{"href":"https:\/\/milolafoods.com\/en\/wp-json\/wp\/v2\/types\/product"}],"replies":[{"embeddable":true,"href":"https:\/\/milolafoods.com\/en\/wp-json\/wp\/v2\/comments?post=353"}],"wp:featuredmedia":[{"embeddable":true,"href":"https:\/\/milolafoods.com\/en\/wp-json\/wp\/v2\/media\/130"}],"wp:attachment":[{"href":"https:\/\/milolafoods.com\/en\/wp-json\/wp\/v2\/media?parent=353"}],"wp:term":[{"taxonomy":"product_brand","embeddable":true,"href":"https:\/\/milolafoods.com\/en\/wp-json\/wp\/v2\/product_brand?post=353"},{"taxonomy":"product_cat","embeddable":true,"href":"https:\/\/milolafoods.com\/en\/wp-json\/wp\/v2\/product_cat?post=353"},{"taxonomy":"product_tag","embeddable":true,"href":"https:\/\/milolafoods.com\/en\/wp-json\/wp\/v2\/product_tag?post=353"}],"curies":[{"name":"wp","href":"https:\/\/api.w.org\/{rel}","templated":true}]}}