{"id":354,"date":"2023-11-16T16:22:36","date_gmt":"2023-11-16T22:22:36","guid":{"rendered":"http:\/\/milolafoods.com\/?post_type=product&#038;p=354"},"modified":"2026-04-12T23:30:33","modified_gmt":"2026-04-13T05:30:33","slug":"hoja-premium","status":"publish","type":"product","link":"https:\/\/milolafoods.com\/en\/product\/hoja-premium\/","title":{"rendered":"Premium Husk"},"content":{"rendered":"<p>Como su nombre indica, este producto es de la m\u00e1s alta calidad debido a que ofrece tama\u00f1os m\u00e1s grandes y anchos que se producen de manera org\u00e1nica en nuestras mazorcas. Adem\u00e1s, nuestro proceso de conservaci\u00f3n garantiza una vida \u00fatil excepcional en el anaquel, superando las expectativas de nuestros clientes. Los tama\u00f1os de estas hojas var\u00edan entre las 10 y 14 pulgadas de ancho, convirti\u00e9ndolas en un producto especial para la industria o supermercados que elaboran tamales de mayor tama\u00f1o. Nuestra presentaci\u00f3n se realiza en libras.<\/p>\n<p><a href=\"http:\/\/milolafoods.com\/wp-content\/uploads\/2023\/11\/FichaTecnica__Premium_MiLolaFoods.pdf\" target=\"_blank\" rel=\"noopener\"><br \/>\n<strong>Descarga ficha t\u00e9cnica<\/strong><br \/>\n<\/a><\/p>\n<p>&nbsp;<\/p>","protected":false},"excerpt":{"rendered":"<p>Este producto es de la m\u00e1s alta calidad porque ofrece hojas de ma\u00edz m\u00e1s grandes y anchas que se producen de manera org\u00e1nica. Los tama\u00f1os de estas hojas var\u00edan entre las\u00a0<strong>10 y 14 pulgadas de ancho<\/strong>, lo que las hace ideales para la industria o supermercados que elaboran tamales de mayor tama\u00f1o.<\/p>","protected":false},"featured_media":128,"comment_status":"open","ping_status":"closed","template":"","meta":{"_et_pb_use_builder":"off","_et_pb_old_content":"Como su nombre indica, este producto es de la m\u00e1s alta calidad debido a que ofrece tama\u00f1os m\u00e1s grandes y anchos que se producen de manera org\u00e1nica en nuestras mazorcas. Adem\u00e1s, nuestro proceso de conservaci\u00f3n garantiza una vida \u00fatil excepcional en el anaquel, superando las expectativas de nuestros clientes.\r\n\r\nLos tama\u00f1os de estas hojas var\u00edan entre las 10 y 14 pulgadas de ancho, convirti\u00e9ndolas en un producto especial para la industria o supermercados que elaboran tamales de mayor tama\u00f1o.\r\n\r\nNuestra presentaci\u00f3n se realiza en libras.","_et_gb_content_width":""},"product_brand":[],"product_cat":[23],"product_tag":[],"class_list":{"0":"post-354","1":"product","2":"type-product","3":"status-publish","4":"has-post-thumbnail","6":"product_cat-hojas-de-maiz","8":"first","9":"instock","10":"shipping-taxable","11":"product-type-simple"},"_links":{"self":[{"href":"https:\/\/milolafoods.com\/en\/wp-json\/wp\/v2\/product\/354","targetHints":{"allow":["GET"]}}],"collection":[{"href":"https:\/\/milolafoods.com\/en\/wp-json\/wp\/v2\/product"}],"about":[{"href":"https:\/\/milolafoods.com\/en\/wp-json\/wp\/v2\/types\/product"}],"replies":[{"embeddable":true,"href":"https:\/\/milolafoods.com\/en\/wp-json\/wp\/v2\/comments?post=354"}],"wp:featuredmedia":[{"embeddable":true,"href":"https:\/\/milolafoods.com\/en\/wp-json\/wp\/v2\/media\/128"}],"wp:attachment":[{"href":"https:\/\/milolafoods.com\/en\/wp-json\/wp\/v2\/media?parent=354"}],"wp:term":[{"taxonomy":"product_brand","embeddable":true,"href":"https:\/\/milolafoods.com\/en\/wp-json\/wp\/v2\/product_brand?post=354"},{"taxonomy":"product_cat","embeddable":true,"href":"https:\/\/milolafoods.com\/en\/wp-json\/wp\/v2\/product_cat?post=354"},{"taxonomy":"product_tag","embeddable":true,"href":"https:\/\/milolafoods.com\/en\/wp-json\/wp\/v2\/product_tag?post=354"}],"curies":[{"name":"wp","href":"https:\/\/api.w.org\/{rel}","templated":true}]}}