{"id":507,"date":"2024-05-22T13:11:04","date_gmt":"2024-05-22T19:11:04","guid":{"rendered":"http:\/\/milolafoods.com\/?post_type=product&#038;p=507"},"modified":"2026-04-28T23:14:19","modified_gmt":"2026-04-29T05:14:19","slug":"hoja-tipo-corazon","status":"publish","type":"product","link":"https:\/\/milolafoods.com\/en\/product\/hoja-tipo-corazon\/","title":{"rendered":"Cornhusk Corazon"},"content":{"rendered":"<p>The cornhusk Corazon is packed in a mesh with 120 brushed leaves. We carry out this process to remove impurities from the field and thus meet the hygiene requirements for the industry, as well as to provide speed when making your tamales.<\/p>\n<p>We have 3 measures:<\/p>\n<ul>\n<li>Large: These are husk 8 to 12 inches wide by 7 inches high, this measurement is ideal for 9 to 11 ounce tamales.<\/li>\n<li>Medium: their measurement ranges from 6 to 7 inches wide by 7 inches high, ideal for 5 to 7 ounce tamales.<\/li>\n<li>Guys: they measure 4.5 inches by 6 inches wide by 7 inches tall, they are excellent for 3 and 4 ounce tamales.<\/li>\n<\/ul>\n<p>&nbsp;<\/p>\n<p>This presentation is packaged in polyethylene packages with the following quantities:<\/p>\n<ul>\n<li>Large: 25 pieces.<\/li>\n<li>Medium: 25 pieces.<\/li>\n<li>Small: 35 pieces.<\/li>\n<\/ul>\n<p><a href=\"http:\/\/milolafoods.com\/wp-content\/uploads\/2024\/05\/FichaTecnica_Corazon_1_MiLolaFoods.pdf\" target=\"_blank\" rel=\"noopener\"><br \/>\n<strong>Descarga ficha t\u00e9cnica<\/strong><br \/>\n<\/a><\/p>\n<p>&nbsp;<\/p>","protected":false},"excerpt":{"rendered":"<p>The cornhusk Corazon is packed in a mesh with 120 brushed leaves. We carry out this process to remove impurities from the field and thus meet the hygiene requirements for the industry, as well as to provide speed when making your tamales.<\/p>","protected":false},"featured_media":512,"comment_status":"open","ping_status":"closed","template":"","meta":{"_et_pb_use_builder":"off","_et_pb_old_content":"Como su nombre indica, este producto es de la m\u00e1s alta calidad debido a que ofrece tama\u00f1os m\u00e1s grandes y anchos que se producen de manera org\u00e1nica en nuestras mazorcas. Adem\u00e1s, nuestro proceso de conservaci\u00f3n garantiza una vida \u00fatil excepcional en el anaquel, superando las expectativas de nuestros clientes.\r\n\r\nLos tama\u00f1os de estas hojas var\u00edan entre las 10 y 14 pulgadas de ancho, convirti\u00e9ndolas en un producto especial para la industria o supermercados que elaboran tamales de mayor tama\u00f1o.\r\n\r\nNuestra presentaci\u00f3n se realiza en libras.","_et_gb_content_width":""},"product_brand":[],"product_cat":[23],"product_tag":[],"class_list":{"0":"post-507","1":"product","2":"type-product","3":"status-publish","4":"has-post-thumbnail","6":"product_cat-hojas-de-maiz","8":"first","9":"instock","10":"shipping-taxable","11":"product-type-simple"},"_links":{"self":[{"href":"https:\/\/milolafoods.com\/en\/wp-json\/wp\/v2\/product\/507","targetHints":{"allow":["GET"]}}],"collection":[{"href":"https:\/\/milolafoods.com\/en\/wp-json\/wp\/v2\/product"}],"about":[{"href":"https:\/\/milolafoods.com\/en\/wp-json\/wp\/v2\/types\/product"}],"replies":[{"embeddable":true,"href":"https:\/\/milolafoods.com\/en\/wp-json\/wp\/v2\/comments?post=507"}],"wp:featuredmedia":[{"embeddable":true,"href":"https:\/\/milolafoods.com\/en\/wp-json\/wp\/v2\/media\/512"}],"wp:attachment":[{"href":"https:\/\/milolafoods.com\/en\/wp-json\/wp\/v2\/media?parent=507"}],"wp:term":[{"taxonomy":"product_brand","embeddable":true,"href":"https:\/\/milolafoods.com\/en\/wp-json\/wp\/v2\/product_brand?post=507"},{"taxonomy":"product_cat","embeddable":true,"href":"https:\/\/milolafoods.com\/en\/wp-json\/wp\/v2\/product_cat?post=507"},{"taxonomy":"product_tag","embeddable":true,"href":"https:\/\/milolafoods.com\/en\/wp-json\/wp\/v2\/product_tag?post=507"}],"curies":[{"name":"wp","href":"https:\/\/api.w.org\/{rel}","templated":true}]}}